{"id":12,"date":"2025-08-04T19:17:49","date_gmt":"2025-08-04T19:17:49","guid":{"rendered":"https:\/\/thequickwise.com\/?page_id=12"},"modified":"2026-01-29T18:37:28","modified_gmt":"2026-01-29T18:37:28","slug":"about","status":"publish","type":"page","link":"https:\/\/thequickwise.com\/de\/about\/","title":{"rendered":"Um"},"content":{"rendered":"<p><strong>Der Schnellweise<\/strong> ist eine unabh\u00e4ngige Website, die Ihnen helfen soll, fundiertere Entscheidungen in den Bereichen Technologie, digitales Leben, Karriereentwicklung, Finanzen und interaktive Unterhaltung zu treffen. Unser Ziel ist einfach: Informationen in praktische Anleitungen zu verwandeln \u2013 klar, ausgewogen und ohne unrealistische Versprechungen.<\/p>\n\n\n\n<p>Hier greifen diese Themen nahtlos ineinander. Wer Technologie und Apps besser versteht, gestaltet seinen Alltag effizienter. Wer seine F\u00e4higkeiten ausbaut und \u00fcber Ver\u00e4nderungen in der Arbeitswelt informiert bleibt, erweitert seine Karrierechancen. Und wer seine Finanzen im Griff hat, trifft Entscheidungen mit mehr Zuversicht und Weitblick. All das wirkt sich direkt auf die Lebensqualit\u00e4t aus \u2013 online wie offline.<\/p>\n\n\n\n<h3 class=\"wp-block-heading\">Was Sie auf The Quick Wise finden<\/h3>\n\n\n\n<h4 class=\"wp-block-heading\">Technologie und Apps<\/h4>\n\n\n\n<p>\u2022 Digitale Werkzeuge, die allt\u00e4gliche Aufgaben erleichtern<br>\u2022 N\u00fctzliche Apps f\u00fcr Produktivit\u00e4t, Organisation und Fokus<br>\u2022 Verst\u00e4ndliche Erl\u00e4uterungen zu Funktionen, Updates und digitalen Trends<\/p>\n\n\n\n<h4 class=\"wp-block-heading\">Karriere<\/h4>\n\n\n\n<p>\u2022 Inhalte, die fundierte Karriereentscheidungen und berufliches Wachstum unterst\u00fctzen sollen<br>\u2022 Tipps zur Verbesserung von Lebensl\u00e4ufen, Portfolios und professionellem Auftreten<br>\u2022 Praktische Tipps f\u00fcr Vorstellungsgespr\u00e4che, Auswahlverfahren und Kompetenzentwicklung<\/p>\n\n\n\n<h4 class=\"wp-block-heading\">Pers\u00f6nliche Finanzen<\/h4>\n\n\n\n<p>\u2022 Wie man Ausgaben organisiert und ein funktionales Budget erstellt<br>\u2022 Strategien zur Aufrechterhaltung der Finanzkontrolle und zur Vermeidung von Ungleichgewichten<br>\u2022 Planung realistischer und nachhaltiger finanzieller Ziele<\/p>\n\n\n\n<h4 class=\"wp-block-heading\">Spiele und digitale Unterhaltung<\/h4>\n\n\n\n<p>\u2022 Leitf\u00e4den und Informationen, die Ihnen helfen, mehr aus Spielen und digitalen Plattformen herauszuholen.<br>\u2022 Erl\u00e4uternde Inhalte zu Spielmechaniken, Funktionen und Updates in der Spielewelt<br>\u2022 Ein ausgewogener Ansatz, der Genuss, bewussten Gebrauch und praktische Informationen miteinander verbindet.<\/p>\n\n\n\n<h4 class=\"wp-block-heading\">Praktische Leitf\u00e4den<\/h4>\n\n\n\n<p>\u2022 Unkomplizierte Schritt-f\u00fcr-Schritt-Anleitung f\u00fcr wichtige Entscheidungen<br>\u2022 Checklisten zur Reduzierung h\u00e4ufiger Fehler bei digitalen, beruflichen und finanziellen Entscheidungen<br>\u2022 Bew\u00e4hrte Methoden f\u00fcr Routinemanagement, Produktivit\u00e4t und pers\u00f6nliche Organisation<\/p>\n\n\n\n<h3 class=\"wp-block-heading\">Wie wir arbeiten und warum das wichtig ist<\/h3>\n\n\n\n<p>Quick Wise basiert auf <strong>redaktionelle Unabh\u00e4ngigkeit und Transparenz<\/strong>Wir erstellen keine Inhalte, um Abk\u00fcrzungen zu verkaufen, Druck auf Entscheidungen auszu\u00fcben oder Leser mit unn\u00f6tiger Fachsprache zu \u00fcberfordern. Unsere Aufgabe ist es, relevante Informationen zu strukturieren, Zusammenh\u00e4nge zu erl\u00e4utern und Ihnen zu helfen, Ihre Optionen zu verstehen, bevor Sie handeln.<\/p>\n\n\n\n<p>Unsere Arbeitsweise basiert auf drei Kernprinzipien:<\/p>\n\n\n\n<p><strong>Redaktionelle Auswahl nach klaren Standards<\/strong><br>Die von uns behandelten Themen werden nach praktischem Nutzen, Relevanz und Verst\u00e4ndlichkeit ausgew\u00e4hlt. Wir ver\u00f6ffentlichen keine Inhalte, die von externen Interessen oder versteckten kommerziellen Forderungen getrieben sind.<\/p>\n\n\n\n<p><strong>\u00dcberpr\u00fcfung und Klarstellung vor der Ver\u00f6ffentlichung<\/strong><br>Jeder Beitrag wird auf Koh\u00e4renz, verst\u00e4ndliche Sprache und gut kontextualisierte Informationen gepr\u00fcft. Ziel ist es, Ihnen nicht nur das \u201eWie\u201c, sondern auch die Grenzen und Variationen jedes Themas zu vermitteln.<\/p>\n\n\n\n<p><strong>Informieren statt \u00fcberzeugen<\/strong><br>Wir schreiben Ihnen nicht vor, was Sie tun sollen. Wir pr\u00e4sentieren M\u00f6glichkeiten, erl\u00e4utern die Konsequenzen und helfen Ihnen, Wege mit gr\u00f6\u00dferem Bewusstsein zu vergleichen.<\/p>\n\n\n\n<p>Wir sind \u00fcberzeugt, dass n\u00fctzliche Informationen weder kompliziert noch \u00fcbertrieben sein m\u00fcssen. Deshalb kommunizieren wir direkt, praxisnah und ehrlich und machen stets deutlich, dass unterschiedliche Situationen unterschiedliche Entscheidungen erfordern.<\/p>\n\n\n\n<h3 class=\"wp-block-heading\">Rechtliche Hinweise und Haftungsausschluss<\/h3>\n\n\n\n<p>Um Transparenz und einen verantwortungsvollen Umgang mit unseren Inhalten zu gew\u00e4hrleisten, beachten Sie bitte Folgendes:<\/p>\n\n\n\n<p><strong>Wir bieten keine Jobs, Kurse oder Finanzdienstleistungen an.<\/strong><br>Quick Wise stellt weder Mitarbeiter ein, verkauft keine Kurse und bietet keine Finanzprodukte an. Jegliche Erw\u00e4hnung von Tools, M\u00f6glichkeiten, Plattformen oder Programmen dient ausschlie\u00dflich Informationszwecken.<\/p>\n\n\n\n<p><strong>Wir stehen in keiner Verbindung zu den genannten Marken oder Plattformen.<\/strong><br>Verweise auf Unternehmen, Apps, Spiele oder Dienstleistungen implizieren keine Partnerschaften, Sponsoring-Vereinbarungen oder exklusive Empfehlungen. Unsere Inhalte sind redaktionell und unabh\u00e4ngig.<\/p>\n\n\n\n<p><strong>Die Informationen k\u00f6nnen sich im Laufe der Zeit \u00e4ndern.<\/strong><br>Regeln, Funktionen, Preise, Programme und Bedingungen k\u00f6nnen ohne Vorank\u00fcndigung aktualisiert oder entfernt werden. Wir bem\u00fchen uns zwar, die Inhalte korrekt und aktuell zu halten, k\u00f6nnen aber nicht garantieren, dass alle Informationen dauerhaft g\u00fcltig bleiben.<\/p>\n\n\n\n<p><strong>Die endg\u00fcltigen Entscheidungen liegen in der Verantwortung des Nutzers.<\/strong><br>Wir empfehlen Ihnen, die Angaben direkt bei offiziellen Stellen zu \u00fcberpr\u00fcfen, bevor Sie sich anmelden, etwas kaufen, investieren oder berufliche, finanzielle oder digitale Entscheidungen treffen.<\/p>\n\n\n\n<p>Mit der Nutzung von The Quick Wise best\u00e4tigen Sie, dass die Inhalte rein informativer und lehrreicher Natur sind und keine professionelle Beratung ersetzen, wenn diese erforderlich ist.<\/p>\n\n\n\n<p>Bei <strong>Der Schnellweise<\/strong>Unser Versprechen ist klar: Wir liefern verst\u00e4ndliche und n\u00fctzliche Informationen ohne unn\u00f6tige St\u00f6rfaktoren. Wir sind \u00fcberzeugt, dass bessere Entscheidungen mit echtem Verst\u00e4ndnis beginnen \u2013 und dass gut aufbereitetes Wissen die Grundlage f\u00fcr ein sicheres Handeln bildet. Sie geben das Ziel vor. Wir helfen Ihnen, den Weg dorthin zu finden.<\/p>","protected":false},"excerpt":{"rendered":"<p>Quick Wise ist eine unabh\u00e4ngige Website, die Ihnen hilft, intelligentere Entscheidungen in den Bereichen Technologie, digitales Leben, Karriereentwicklung, Finanzen und interaktive Unterhaltung zu treffen. Unser Ziel ist einfach: Informationen in praktische Anleitungen zu verwandeln \u2013 klar, ausgewogen und ohne unrealistische Versprechungen. Hier sind die Themen auf nat\u00fcrliche Weise miteinander verkn\u00fcpft. Wenn Sie Technologie und Apps besser verstehen, [\u2026]<\/p>","protected":false},"author":3,"featured_media":0,"parent":0,"menu_order":0,"comment_status":"closed","ping_status":"closed","template":"","meta":{"_uag_custom_page_level_css":"","site-sidebar-layout":"default","site-content-layout":"","ast-site-content-layout":"default","site-content-style":"default","site-sidebar-style":"default","ast-global-header-display":"","ast-banner-title-visibility":"","ast-main-header-display":"","ast-hfb-above-header-display":"","ast-hfb-below-header-display":"","ast-hfb-mobile-header-display":"","site-post-title":"","ast-breadcrumbs-content":"","ast-featured-img":"","footer-sml-layout":"","theme-transparent-header-meta":"","adv-header-id-meta":"","stick-header-meta":"","header-above-stick-meta":"","header-main-stick-meta":"","header-below-stick-meta":"","astra-migrate-meta-layouts":"set","ast-page-background-enabled":"default","ast-page-background-meta":{"desktop":{"background-color":"var(--ast-global-color-4)","background-image":"","background-repeat":"repeat","background-position":"center center","background-size":"auto","background-attachment":"scroll","background-type":"","background-media":"","overlay-type":"","overlay-color":"","overlay-opacity":"","overlay-gradient":""},"tablet":{"background-color":"","background-image":"","background-repeat":"repeat","background-position":"center center","background-size":"auto","background-attachment":"scroll","background-type":"","background-media":"","overlay-type":"","overlay-color":"","overlay-opacity":"","overlay-gradient":""},"mobile":{"background-color":"","background-image":"","background-repeat":"repeat","background-position":"center center","background-size":"auto","background-attachment":"scroll","background-type":"","background-media":"","overlay-type":"","overlay-color":"","overlay-opacity":"","overlay-gradient":""}},"ast-content-background-meta":{"desktop":{"background-color":"var(--ast-global-color-5)","background-image":"","background-repeat":"repeat","background-position":"center center","background-size":"auto","background-attachment":"scroll","background-type":"","background-media":"","overlay-type":"","overlay-color":"","overlay-opacity":"","overlay-gradient":""},"tablet":{"background-color":"var(--ast-global-color-5)","background-image":"","background-repeat":"repeat","background-position":"center center","background-size":"auto","background-attachment":"scroll","background-type":"","background-media":"","overlay-type":"","overlay-color":"","overlay-opacity":"","overlay-gradient":""},"mobile":{"background-color":"var(--ast-global-color-5)","background-image":"","background-repeat":"repeat","background-position":"center center","background-size":"auto","background-attachment":"scroll","background-type":"","background-media":"","overlay-type":"","overlay-color":"","overlay-opacity":"","overlay-gradient":""}},"footnotes":""},"yoast_head":"<!-- This site is optimized with the Yoast SEO plugin v23.3 - https:\/\/yoast.com\/wordpress\/plugins\/seo\/ -->\n<title>About - The Quick Wise<\/title>\n<meta name=\"robots\" content=\"index, follow, max-snippet:-1, max-image-preview:large, max-video-preview:-1\" \/>\n<link rel=\"canonical\" href=\"https:\/\/thequickwise.com\/de\/about\/\" \/>\n<meta property=\"og:locale\" content=\"de_DE\" \/>\n<meta property=\"og:type\" content=\"article\" \/>\n<meta property=\"og:title\" content=\"About - The Quick Wise\" \/>\n<meta property=\"og:description\" content=\"The Quick Wise is an independent website created to help you make smarter decisions about technology, digital life, career growth, personal finance, and interactive entertainment. Our purpose is simple: to turn information into practical guidance, with clarity, balance, and no unrealistic promises. Here, these topics connect naturally. When you understand technology and apps better, you [&hellip;]\" \/>\n<meta property=\"og:url\" content=\"https:\/\/thequickwise.com\/de\/about\/\" \/>\n<meta property=\"og:site_name\" content=\"The Quick Wise\" \/>\n<meta property=\"article:modified_time\" content=\"2026-01-29T18:37:28+00:00\" \/>\n<meta name=\"twitter:card\" content=\"summary_large_image\" \/>\n<meta name=\"twitter:label1\" content=\"Est. reading time\" \/>\n\t<meta name=\"twitter:data1\" content=\"3 Minuten\" \/>\n<script type=\"application\/ld+json\" class=\"yoast-schema-graph\">{\"@context\":\"https:\/\/schema.org\",\"@graph\":[{\"@type\":\"WebPage\",\"@id\":\"https:\/\/thequickwise.com\/about\/\",\"url\":\"https:\/\/thequickwise.com\/about\/\",\"name\":\"About - The Quick Wise\",\"isPartOf\":{\"@id\":\"https:\/\/thequickwise.com\/#website\"},\"datePublished\":\"2025-08-04T19:17:49+00:00\",\"dateModified\":\"2026-01-29T18:37:28+00:00\",\"breadcrumb\":{\"@id\":\"https:\/\/thequickwise.com\/about\/#breadcrumb\"},\"inLanguage\":\"de-DE\",\"potentialAction\":[{\"@type\":\"ReadAction\",\"target\":[\"https:\/\/thequickwise.com\/about\/\"]}]},{\"@type\":\"BreadcrumbList\",\"@id\":\"https:\/\/thequickwise.com\/about\/#breadcrumb\",\"itemListElement\":[{\"@type\":\"ListItem\",\"position\":1,\"name\":\"Home\",\"item\":\"https:\/\/thequickwise.com\/\"},{\"@type\":\"ListItem\",\"position\":2,\"name\":\"About\"}]},{\"@type\":\"WebSite\",\"@id\":\"https:\/\/thequickwise.com\/#website\",\"url\":\"https:\/\/thequickwise.com\/\",\"name\":\"The Quick Wise\",\"description\":\"\",\"publisher\":{\"@id\":\"https:\/\/thequickwise.com\/#organization\"},\"potentialAction\":[{\"@type\":\"SearchAction\",\"target\":{\"@type\":\"EntryPoint\",\"urlTemplate\":\"https:\/\/thequickwise.com\/?s={search_term_string}\"},\"query-input\":\"required name=search_term_string\"}],\"inLanguage\":\"de-DE\"},{\"@type\":\"Organization\",\"@id\":\"https:\/\/thequickwise.com\/#organization\",\"name\":\"The Quick Wise\",\"url\":\"https:\/\/thequickwise.com\/\",\"logo\":{\"@type\":\"ImageObject\",\"inLanguage\":\"de-DE\",\"@id\":\"https:\/\/thequickwise.com\/#\/schema\/logo\/image\/\",\"url\":\"https:\/\/thequickwise.com\/wp-content\/uploads\/sites\/474\/2025\/11\/cropped-cropped-6.png\",\"contentUrl\":\"https:\/\/thequickwise.com\/wp-content\/uploads\/sites\/474\/2025\/11\/cropped-cropped-6.png\",\"width\":423,\"height\":441,\"caption\":\"The Quick Wise\"},\"image\":{\"@id\":\"https:\/\/thequickwise.com\/#\/schema\/logo\/image\/\"}}]}<\/script>\n<!-- \/ Yoast SEO plugin. -->","yoast_head_json":{"title":"About - The Quick Wise","robots":{"index":"index","follow":"follow","max-snippet":"max-snippet:-1","max-image-preview":"max-image-preview:large","max-video-preview":"max-video-preview:-1"},"canonical":"https:\/\/thequickwise.com\/de\/about\/","og_locale":"de_DE","og_type":"article","og_title":"About - The Quick Wise","og_description":"The Quick Wise is an independent website created to help you make smarter decisions about technology, digital life, career growth, personal finance, and interactive entertainment. Our purpose is simple: to turn information into practical guidance, with clarity, balance, and no unrealistic promises. Here, these topics connect naturally. When you understand technology and apps better, you [&hellip;]","og_url":"https:\/\/thequickwise.com\/de\/about\/","og_site_name":"The Quick Wise","article_modified_time":"2026-01-29T18:37:28+00:00","twitter_card":"summary_large_image","twitter_misc":{"Est. reading time":"3 Minuten"},"schema":{"@context":"https:\/\/schema.org","@graph":[{"@type":"WebPage","@id":"https:\/\/thequickwise.com\/about\/","url":"https:\/\/thequickwise.com\/about\/","name":"About - The Quick Wise","isPartOf":{"@id":"https:\/\/thequickwise.com\/#website"},"datePublished":"2025-08-04T19:17:49+00:00","dateModified":"2026-01-29T18:37:28+00:00","breadcrumb":{"@id":"https:\/\/thequickwise.com\/about\/#breadcrumb"},"inLanguage":"de-DE","potentialAction":[{"@type":"ReadAction","target":["https:\/\/thequickwise.com\/about\/"]}]},{"@type":"BreadcrumbList","@id":"https:\/\/thequickwise.com\/about\/#breadcrumb","itemListElement":[{"@type":"ListItem","position":1,"name":"Home","item":"https:\/\/thequickwise.com\/"},{"@type":"ListItem","position":2,"name":"About"}]},{"@type":"WebSite","@id":"https:\/\/thequickwise.com\/#website","url":"https:\/\/thequickwise.com\/","name":"The Quick Wise","description":"","publisher":{"@id":"https:\/\/thequickwise.com\/#organization"},"potentialAction":[{"@type":"SearchAction","target":{"@type":"EntryPoint","urlTemplate":"https:\/\/thequickwise.com\/?s={search_term_string}"},"query-input":"required name=search_term_string"}],"inLanguage":"de-DE"},{"@type":"Organization","@id":"https:\/\/thequickwise.com\/#organization","name":"The Quick Wise","url":"https:\/\/thequickwise.com\/","logo":{"@type":"ImageObject","inLanguage":"de-DE","@id":"https:\/\/thequickwise.com\/#\/schema\/logo\/image\/","url":"https:\/\/thequickwise.com\/wp-content\/uploads\/sites\/474\/2025\/11\/cropped-cropped-6.png","contentUrl":"https:\/\/thequickwise.com\/wp-content\/uploads\/sites\/474\/2025\/11\/cropped-cropped-6.png","width":423,"height":441,"caption":"The Quick Wise"},"image":{"@id":"https:\/\/thequickwise.com\/#\/schema\/logo\/image\/"}}]}},"uagb_featured_image_src":{"full":false,"thumbnail":false,"medium":false,"medium_large":false,"large":false,"1536x1536":false,"2048x2048":false,"trp-custom-language-flag":false},"uagb_author_info":{"display_name":"Bruno Gianni","author_link":"https:\/\/thequickwise.com\/de\/author\/bcgianni\/"},"uagb_comment_info":0,"uagb_excerpt":"The Quick Wise is an independent website created to help you make smarter decisions about technology, digital life, career growth, personal finance, and interactive entertainment. Our purpose is simple: to turn information into practical guidance, with clarity, balance, and no unrealistic promises. Here, these topics connect naturally. When you understand technology and apps better, you&hellip;","_links":{"self":[{"href":"https:\/\/thequickwise.com\/de\/wp-json\/wp\/v2\/pages\/12"}],"collection":[{"href":"https:\/\/thequickwise.com\/de\/wp-json\/wp\/v2\/pages"}],"about":[{"href":"https:\/\/thequickwise.com\/de\/wp-json\/wp\/v2\/types\/page"}],"author":[{"embeddable":true,"href":"https:\/\/thequickwise.com\/de\/wp-json\/wp\/v2\/users\/3"}],"replies":[{"embeddable":true,"href":"https:\/\/thequickwise.com\/de\/wp-json\/wp\/v2\/comments?post=12"}],"version-history":[{"count":3,"href":"https:\/\/thequickwise.com\/de\/wp-json\/wp\/v2\/pages\/12\/revisions"}],"predecessor-version":[{"id":2151,"href":"https:\/\/thequickwise.com\/de\/wp-json\/wp\/v2\/pages\/12\/revisions\/2151"}],"wp:attachment":[{"href":"https:\/\/thequickwise.com\/de\/wp-json\/wp\/v2\/media?parent=12"}],"curies":[{"name":"wp","href":"https:\/\/api.w.org\/{rel}","templated":true}]}}