{"id":430,"date":"2025-09-05T08:42:44","date_gmt":"2025-09-05T08:42:44","guid":{"rendered":"https:\/\/thequickwise.com\/about-us\/"},"modified":"2025-09-05T08:42:51","modified_gmt":"2025-09-05T08:42:51","slug":"about-us","status":"publish","type":"page","link":"https:\/\/thequickwise.com\/de\/about-us\/","title":{"rendered":"\u00dcber uns"},"content":{"rendered":"<div class=\"wp-block-uagb-container uag-blocks-common-selector uagb-block-d8b2f056 alignfull uagb-is-root-container\"><div class=\"uagb-container-inner-blocks-wrap\">\n<div class=\"wp-block-uagb-advanced-heading uagb-block-6ff4f5ff\"><h1 class=\"uagb-heading-text\">\u00dcber uns<\/h1><\/div>\n\n\n\n<div class=\"wp-block-uagb-image uagb-block-c43d2685 wp-block-uagb-image--layout-default wp-block-uagb-image--effect-static wp-block-uagb-image--align-none uag-blocks-common-selector\" style=\"--z-index-desktop:undefined;;--z-index-tablet:1;;--z-index-mobile:undefined;\"><figure class=\"wp-block-uagb-image__figure\"><img decoding=\"async\" srcset=\"https:\/\/thequickwise.com\/wp-content\/uploads\/sites\/474\/2021\/05\/inner-page-hero-img.jpg ,https:\/\/thequickwise.com\/wp-content\/uploads\/sites\/474\/2021\/05\/inner-page-hero-img.jpg 780w, https:\/\/thequickwise.com\/wp-content\/uploads\/sites\/474\/2021\/05\/inner-page-hero-img.jpg 360w\" sizes=\"(max-width: 480px) 150px\" src=\"https:\/\/thequickwise.com\/wp-content\/uploads\/sites\/474\/2021\/05\/inner-page-hero-img.jpg\" alt=\"\" class=\"uag-image-135\" width=\"600\" height=\"319\" title=\"\" loading=\"lazy\" role=\"img\"\/><\/figure><\/div>\n<\/div><\/div>\n\n\n\n<div class=\"wp-block-uagb-container uag-blocks-common-selector uagb-block-87097184 alignfull uagb-is-root-container\"><div class=\"uagb-container-inner-blocks-wrap\">\n<div class=\"wp-block-uagb-advanced-heading uagb-block-860f22fa\"><h2 class=\"uagb-heading-text\">Coaching f\u00fcr Champions!<\/h2><\/div>\n\n\n\n<div class=\"wp-block-uagb-container uagb-layout-grid uagb-block-27cc4cd9 alignfull uagb-is-root-container\"><div class=\"uagb-container-inner-blocks-wrap\">\n<div class=\"wp-block-uagb-image uagb-block-e6df50da wp-block-uagb-image--layout-default wp-block-uagb-image--effect-static wp-block-uagb-image--align-none\"><figure class=\"wp-block-uagb-image__figure\"><img decoding=\"async\" srcset=\"https:\/\/thequickwise.com\/wp-content\/uploads\/sites\/474\/2021\/05\/home-about-img.jpg ,https:\/\/thequickwise.com\/wp-content\/uploads\/sites\/474\/2021\/05\/home-about-img.jpg 780w, https:\/\/thequickwise.com\/wp-content\/uploads\/sites\/474\/2021\/05\/home-about-img.jpg 360w\" sizes=\"(max-width: 480px) 150px\" src=\"https:\/\/thequickwise.com\/wp-content\/uploads\/sites\/474\/2021\/05\/home-about-img.jpg\" alt=\"\" class=\"uag-image-80\" width=\"600\" height=\"480\" title=\"\" loading=\"lazy\" role=\"img\"\/><\/figure><\/div>\n\n\n\n<div class=\"wp-block-uagb-info-box uagb-block-87689283 uagb-infobox__content-wrap  uagb-infobox-icon-above-title uagb-infobox-image-valign-top\"><div class=\"uagb-ifb-content\"><div class=\"uagb-ifb-title-wrap\"><h4 class=\"uagb-ifb-title\">Konzentrieren wir uns auf Ums\u00e4tze, h\u00f6here Gewinne, produktive Teams, verbesserte Cashflows und einfach mehr innere Ruhe.<\/h4><\/div><p class=\"uagb-ifb-desc\">Mit zehn Jahren Erfahrung in der Unterst\u00fctzung von Unternehmen beim Wachstum haben wir uns die F\u00e4higkeit angeeignet, Gesch\u00e4ftsanforderungen branchenunabh\u00e4ngig zu verstehen. Unsere Kunden reichen von kleinen Start-ups bis hin zu gro\u00dfen Konzernen, die ihr Gesch\u00e4ft weiterentwickeln m\u00f6chten.<br><br>Wir haben Unternehmern geholfen, ein Unternehmen zu gr\u00fcnden, produktive Teams aufzubauen und die verf\u00fcgbaren Ressourcen optimal zu nutzen.<\/p><\/div><\/div>\n<\/div><\/div>\n\n\n\n<div class=\"wp-block-uagb-container uagb-layout-grid uagb-block-41452f58 alignfull uagb-is-root-container\"><div class=\"uagb-container-inner-blocks-wrap\">\n<div class=\"wp-block-uagb-advanced-heading uagb-block-b87c2a9f\"><h3 class=\"uagb-heading-text\">Mission.<\/h3><p class=\"uagb-desc-text\">Schaffen Sie Klarheit \u00fcber die Priorit\u00e4ten, Strategien und Chancen innerhalb von Unternehmen oder Funktionen, um ihnen zu helfen, die von ihnen angestrebten au\u00dfergew\u00f6hnlichen Ergebnisse zu erzielen.<\/p><\/div>\n\n\n\n<div class=\"wp-block-uagb-advanced-heading uagb-block-2e30fbf9\"><h3 class=\"uagb-heading-text\">Vision.<\/h3><p class=\"uagb-desc-text\">Wir streben danach, unseren Kunden zu erm\u00f6glichen, eine klare Richtung einzuschlagen, sich zu fokussieren und in allen Bereichen ihres Gesch\u00e4fts Erfolg zu erzielen.<\/p><\/div>\n<\/div><\/div>\n<\/div><\/div>\n\n\n\n<div class=\"wp-block-uagb-container uagb-block-2efce2cd alignfull uagb-is-root-container\"><div class=\"uagb-container-inner-blocks-wrap\">\n<div class=\"wp-block-uagb-advanced-heading uagb-block-d68d0a27\"><h2 class=\"uagb-heading-text\">Unser Team<\/h2><\/div>\n\n\n\n<div class=\"wp-block-uagb-container uagb-block-60faf64a alignfull uagb-is-root-container\"><div class=\"uagb-container-inner-blocks-wrap\">\n<div class=\"wp-block-uagb-info-box uagb-block-9f4422ce uagb-infobox__content-wrap  uagb-infobox-icon-above-title uagb-infobox-image-valign-top wp-block-uagb-info-box--has-margin\"><div class=\"uagb-infobox-margin-wrapper\"><div class=\"uagb-ifb-content\"><div class=\"uagb-ifb-image-content\"><img decoding=\"async\" src=\"https:\/\/thequickwise.com\/wp-content\/uploads\/sites\/474\/2021\/05\/team-1.jpg\" alt=\"\" width=\"500\" height=\"500\" loading=\"lazy\"\/><\/div><div class=\"uagb-ifb-title-wrap\"><span class=\"uagb-ifb-title-prefix\">Martin Stommer<\/span><h6 class=\"uagb-ifb-title\">Gr\u00fcnder \/ CEO<\/h6><\/div><p class=\"uagb-ifb-desc\">Martin ist seit \u00fcber 12 Jahren ein etablierter Business-Coach. Seine Art zu coachen und zu begleiten spiegelt seine hilfsbereite und freundliche Natur wider.<\/p><\/div><\/div><\/div>\n\n\n\n<div class=\"wp-block-uagb-info-box uagb-block-c3874dab uagb-infobox__content-wrap  uagb-infobox-icon-above-title uagb-infobox-image-valign-top wp-block-uagb-info-box--has-margin\"><div class=\"uagb-infobox-margin-wrapper\"><div class=\"uagb-ifb-content\"><div class=\"uagb-ifb-image-content\"><img decoding=\"async\" src=\"https:\/\/thequickwise.com\/wp-content\/uploads\/sites\/474\/2021\/05\/team-2.jpg\" alt=\"\" width=\"500\" height=\"500\" loading=\"lazy\"\/><\/div><div class=\"uagb-ifb-title-wrap\"><span class=\"uagb-ifb-title-prefix\">Barbara Cooper<\/span><h6 class=\"uagb-ifb-title\">Gr\u00fcnder \/ CEO<\/h6><\/div><p class=\"uagb-ifb-desc\">Barbara ist eine preisgekr\u00f6nte Coachin, die bereits \u00fcber 25 Unternehmen beim Start und Erfolg im Online-Bereich unterst\u00fctzt hat. Sie liebt den Austausch mit anderen und kn\u00fcpft gerne neue Freundschaften.<\/p><\/div><\/div><\/div>\n\n\n\n<div class=\"wp-block-uagb-info-box uagb-block-e98108b0 uagb-infobox__content-wrap  uagb-infobox-icon-above-title uagb-infobox-image-valign-top wp-block-uagb-info-box--has-margin\"><div class=\"uagb-infobox-margin-wrapper\"><div class=\"uagb-ifb-content\"><div class=\"uagb-ifb-image-content\"><img decoding=\"async\" src=\"https:\/\/thequickwise.com\/wp-content\/uploads\/sites\/474\/2021\/05\/team-3-1.jpg\" alt=\"\" width=\"500\" height=\"500\" loading=\"lazy\"\/><\/div><div class=\"uagb-ifb-title-wrap\"><span class=\"uagb-ifb-title-prefix\">Jason Ester<\/span><h6 class=\"uagb-ifb-title\">Gr\u00fcnder \/ CEO<\/h6><\/div><p class=\"uagb-ifb-desc\">Jason, der an einer der besten Universit\u00e4ten seinen Abschluss gemacht hat und Experte f\u00fcr das Wachstum von IT-Unternehmen ist, ist f\u00fcr viele angehende Unternehmer ein Freund und Ratgeber.<\/p><\/div><\/div><\/div>\n<\/div><\/div>\n<\/div><\/div>\n\n\n\n<div class=\"wp-block-uagb-container uagb-block-05fd2311 alignfull uagb-is-root-container\"><div class=\"uagb-container-inner-blocks-wrap\">\n<div class=\"wp-block-uagb-info-box uagb-block-5f43401b uagb-infobox__content-wrap  uagb-infobox-icon-above-title uagb-infobox-image-valign-top wp-block-uagb-info-box--has-margin\"><div class=\"uagb-infobox-margin-wrapper\"><div class=\"uagb-ifb-content\"><div class=\"uagb-ifb-title-wrap\"><h2 class=\"uagb-ifb-title\">\u00dcberwinden Sie Ihre Hindernisse. Holen Sie sich noch heute Business-Coaching!<\/h2><\/div><div class=\"uagb-ifb-button-wrapper wp-block-button\"><a href=\"#\" class=\"uagb-infobox-cta-link wp-block-button__link\" target=\"_self\" rel=\"noopener noreferrer\" onclick=\"return false;\"><span class=\"uagb-inline-editing\">Beratung buchen<\/span><\/a><\/div><\/div><\/div><\/div>\n<\/div><\/div>","protected":false},"excerpt":{"rendered":"<p>\u00dcber uns: Coaching f\u00fcr Champions! Unsere Mission: Wir schaffen Klarheit \u00fcber Priorit\u00e4ten, Strategien und Chancen in Unternehmen und Funktionen, damit unsere Klienten die gew\u00fcnschten herausragenden Ergebnisse erzielen. Unsere Vision: Wir unterst\u00fctzen unsere Klienten dabei, klare Ziele zu erreichen, sich zu fokussieren und in allen Bereichen ihres Unternehmens erfolgreich zu sein. Unser Team<\/p>","protected":false},"author":2,"featured_media":0,"parent":0,"menu_order":0,"comment_status":"closed","ping_status":"closed","template":"","meta":{"_uag_custom_page_level_css":"","site-sidebar-layout":"no-sidebar","site-content-layout":"plain-container","ast-site-content-layout":"normal-width-container","site-content-style":"unboxed","site-sidebar-style":"unboxed","ast-global-header-display":"","ast-banner-title-visibility":"","ast-main-header-display":"","ast-hfb-above-header-display":"","ast-hfb-below-header-display":"","ast-hfb-mobile-header-display":"","site-post-title":"disabled","ast-breadcrumbs-content":"","ast-featured-img":"","footer-sml-layout":"","theme-transparent-header-meta":"default","adv-header-id-meta":"","stick-header-meta":"","header-above-stick-meta":"","header-main-stick-meta":"","header-below-stick-meta":"","astra-migrate-meta-layouts":"set","ast-page-background-enabled":"default","ast-page-background-meta":{"desktop":{"background-color":"var(--ast-global-color-4)","background-image":"","background-repeat":"repeat","background-position":"center center","background-size":"auto","background-attachment":"scroll","background-type":"","background-media":"","overlay-type":"","overlay-color":"","overlay-opacity":"","overlay-gradient":""},"tablet":{"background-color":"","background-image":"","background-repeat":"repeat","background-position":"center center","background-size":"auto","background-attachment":"scroll","background-type":"","background-media":"","overlay-type":"","overlay-color":"","overlay-opacity":"","overlay-gradient":""},"mobile":{"background-color":"","background-image":"","background-repeat":"repeat","background-position":"center center","background-size":"auto","background-attachment":"scroll","background-type":"","background-media":"","overlay-type":"","overlay-color":"","overlay-opacity":"","overlay-gradient":""}},"ast-content-background-meta":{"desktop":{"background-color":"var(--ast-global-color-5)","background-image":"","background-repeat":"repeat","background-position":"center center","background-size":"auto","background-attachment":"scroll","background-type":"","background-media":"","overlay-type":"","overlay-color":"","overlay-opacity":"","overlay-gradient":""},"tablet":{"background-color":"var(--ast-global-color-5)","background-image":"","background-repeat":"repeat","background-position":"center center","background-size":"auto","background-attachment":"scroll","background-type":"","background-media":"","overlay-type":"","overlay-color":"","overlay-opacity":"","overlay-gradient":""},"mobile":{"background-color":"var(--ast-global-color-5)","background-image":"","background-repeat":"repeat","background-position":"center center","background-size":"auto","background-attachment":"scroll","background-type":"","background-media":"","overlay-type":"","overlay-color":"","overlay-opacity":"","overlay-gradient":""}},"footnotes":""},"yoast_head":"<!-- This site is optimized with the Yoast SEO plugin v23.3 - https:\/\/yoast.com\/wordpress\/plugins\/seo\/ -->\n<title>About Us - The Quick Wise<\/title>\n<meta name=\"robots\" content=\"index, follow, max-snippet:-1, max-image-preview:large, max-video-preview:-1\" \/>\n<link rel=\"canonical\" href=\"https:\/\/thequickwise.com\/de\/about-us\/\" \/>\n<meta property=\"og:locale\" content=\"de_DE\" \/>\n<meta property=\"og:type\" content=\"article\" \/>\n<meta property=\"og:title\" content=\"About Us - The Quick Wise\" \/>\n<meta property=\"og:description\" content=\"About Us Coaching for Champions!\u200b Mission. Bring clarity to the priorities, strategies and opportunities within businesses or roles to help them achieve the exceptional results they desire. Vision. We strive to enable our clients to have clear direction, focus and achieve success in all the areas of their business. Our Team\" \/>\n<meta property=\"og:url\" content=\"https:\/\/thequickwise.com\/de\/about-us\/\" \/>\n<meta property=\"og:site_name\" content=\"The Quick Wise\" \/>\n<meta property=\"article:modified_time\" content=\"2025-09-05T08:42:51+00:00\" \/>\n<meta property=\"og:image\" content=\"https:\/\/thequickwise.com\/wp-content\/uploads\/sites\/474\/2021\/05\/inner-page-hero-img.jpg\" \/>\n<meta name=\"twitter:card\" content=\"summary_large_image\" \/>\n<meta name=\"twitter:label1\" content=\"Est. reading time\" \/>\n\t<meta name=\"twitter:data1\" content=\"2 Minuten\" \/>\n<script type=\"application\/ld+json\" class=\"yoast-schema-graph\">{\"@context\":\"https:\/\/schema.org\",\"@graph\":[{\"@type\":\"WebPage\",\"@id\":\"https:\/\/thequickwise.com\/about-us\/\",\"url\":\"https:\/\/thequickwise.com\/about-us\/\",\"name\":\"About Us - The Quick Wise\",\"isPartOf\":{\"@id\":\"https:\/\/thequickwise.com\/#website\"},\"primaryImageOfPage\":{\"@id\":\"https:\/\/thequickwise.com\/about-us\/#primaryimage\"},\"image\":{\"@id\":\"https:\/\/thequickwise.com\/about-us\/#primaryimage\"},\"thumbnailUrl\":\"https:\/\/thequickwise.com\/wp-content\/uploads\/sites\/474\/2021\/05\/inner-page-hero-img.jpg\",\"datePublished\":\"2025-09-05T08:42:44+00:00\",\"dateModified\":\"2025-09-05T08:42:51+00:00\",\"breadcrumb\":{\"@id\":\"https:\/\/thequickwise.com\/about-us\/#breadcrumb\"},\"inLanguage\":\"de-DE\",\"potentialAction\":[{\"@type\":\"ReadAction\",\"target\":[\"https:\/\/thequickwise.com\/about-us\/\"]}]},{\"@type\":\"ImageObject\",\"inLanguage\":\"de-DE\",\"@id\":\"https:\/\/thequickwise.com\/about-us\/#primaryimage\",\"url\":\"https:\/\/thequickwise.com\/wp-content\/uploads\/sites\/474\/2021\/05\/inner-page-hero-img.jpg\",\"contentUrl\":\"https:\/\/thequickwise.com\/wp-content\/uploads\/sites\/474\/2021\/05\/inner-page-hero-img.jpg\"},{\"@type\":\"BreadcrumbList\",\"@id\":\"https:\/\/thequickwise.com\/about-us\/#breadcrumb\",\"itemListElement\":[{\"@type\":\"ListItem\",\"position\":1,\"name\":\"Home\",\"item\":\"https:\/\/thequickwise.com\/\"},{\"@type\":\"ListItem\",\"position\":2,\"name\":\"About Us\"}]},{\"@type\":\"WebSite\",\"@id\":\"https:\/\/thequickwise.com\/#website\",\"url\":\"https:\/\/thequickwise.com\/\",\"name\":\"The Quick Wise\",\"description\":\"\",\"publisher\":{\"@id\":\"https:\/\/thequickwise.com\/#organization\"},\"potentialAction\":[{\"@type\":\"SearchAction\",\"target\":{\"@type\":\"EntryPoint\",\"urlTemplate\":\"https:\/\/thequickwise.com\/?s={search_term_string}\"},\"query-input\":\"required name=search_term_string\"}],\"inLanguage\":\"de-DE\"},{\"@type\":\"Organization\",\"@id\":\"https:\/\/thequickwise.com\/#organization\",\"name\":\"The Quick Wise\",\"url\":\"https:\/\/thequickwise.com\/\",\"logo\":{\"@type\":\"ImageObject\",\"inLanguage\":\"de-DE\",\"@id\":\"https:\/\/thequickwise.com\/#\/schema\/logo\/image\/\",\"url\":\"https:\/\/thequickwise.com\/wp-content\/uploads\/sites\/474\/2025\/11\/cropped-cropped-6.png\",\"contentUrl\":\"https:\/\/thequickwise.com\/wp-content\/uploads\/sites\/474\/2025\/11\/cropped-cropped-6.png\",\"width\":423,\"height\":441,\"caption\":\"The Quick Wise\"},\"image\":{\"@id\":\"https:\/\/thequickwise.com\/#\/schema\/logo\/image\/\"}}]}<\/script>\n<!-- \/ Yoast SEO plugin. -->","yoast_head_json":{"title":"About Us - The Quick Wise","robots":{"index":"index","follow":"follow","max-snippet":"max-snippet:-1","max-image-preview":"max-image-preview:large","max-video-preview":"max-video-preview:-1"},"canonical":"https:\/\/thequickwise.com\/de\/about-us\/","og_locale":"de_DE","og_type":"article","og_title":"About Us - The Quick Wise","og_description":"About Us Coaching for Champions!\u200b Mission. Bring clarity to the priorities, strategies and opportunities within businesses or roles to help them achieve the exceptional results they desire. Vision. We strive to enable our clients to have clear direction, focus and achieve success in all the areas of their business. Our Team","og_url":"https:\/\/thequickwise.com\/de\/about-us\/","og_site_name":"The Quick Wise","article_modified_time":"2025-09-05T08:42:51+00:00","og_image":[{"url":"https:\/\/thequickwise.com\/wp-content\/uploads\/sites\/474\/2021\/05\/inner-page-hero-img.jpg"}],"twitter_card":"summary_large_image","twitter_misc":{"Est. reading time":"2 Minuten"},"schema":{"@context":"https:\/\/schema.org","@graph":[{"@type":"WebPage","@id":"https:\/\/thequickwise.com\/about-us\/","url":"https:\/\/thequickwise.com\/about-us\/","name":"About Us - The Quick Wise","isPartOf":{"@id":"https:\/\/thequickwise.com\/#website"},"primaryImageOfPage":{"@id":"https:\/\/thequickwise.com\/about-us\/#primaryimage"},"image":{"@id":"https:\/\/thequickwise.com\/about-us\/#primaryimage"},"thumbnailUrl":"https:\/\/thequickwise.com\/wp-content\/uploads\/sites\/474\/2021\/05\/inner-page-hero-img.jpg","datePublished":"2025-09-05T08:42:44+00:00","dateModified":"2025-09-05T08:42:51+00:00","breadcrumb":{"@id":"https:\/\/thequickwise.com\/about-us\/#breadcrumb"},"inLanguage":"de-DE","potentialAction":[{"@type":"ReadAction","target":["https:\/\/thequickwise.com\/about-us\/"]}]},{"@type":"ImageObject","inLanguage":"de-DE","@id":"https:\/\/thequickwise.com\/about-us\/#primaryimage","url":"https:\/\/thequickwise.com\/wp-content\/uploads\/sites\/474\/2021\/05\/inner-page-hero-img.jpg","contentUrl":"https:\/\/thequickwise.com\/wp-content\/uploads\/sites\/474\/2021\/05\/inner-page-hero-img.jpg"},{"@type":"BreadcrumbList","@id":"https:\/\/thequickwise.com\/about-us\/#breadcrumb","itemListElement":[{"@type":"ListItem","position":1,"name":"Home","item":"https:\/\/thequickwise.com\/"},{"@type":"ListItem","position":2,"name":"About Us"}]},{"@type":"WebSite","@id":"https:\/\/thequickwise.com\/#website","url":"https:\/\/thequickwise.com\/","name":"The Quick Wise","description":"","publisher":{"@id":"https:\/\/thequickwise.com\/#organization"},"potentialAction":[{"@type":"SearchAction","target":{"@type":"EntryPoint","urlTemplate":"https:\/\/thequickwise.com\/?s={search_term_string}"},"query-input":"required name=search_term_string"}],"inLanguage":"de-DE"},{"@type":"Organization","@id":"https:\/\/thequickwise.com\/#organization","name":"The Quick Wise","url":"https:\/\/thequickwise.com\/","logo":{"@type":"ImageObject","inLanguage":"de-DE","@id":"https:\/\/thequickwise.com\/#\/schema\/logo\/image\/","url":"https:\/\/thequickwise.com\/wp-content\/uploads\/sites\/474\/2025\/11\/cropped-cropped-6.png","contentUrl":"https:\/\/thequickwise.com\/wp-content\/uploads\/sites\/474\/2025\/11\/cropped-cropped-6.png","width":423,"height":441,"caption":"The Quick Wise"},"image":{"@id":"https:\/\/thequickwise.com\/#\/schema\/logo\/image\/"}}]}},"uagb_featured_image_src":{"full":false,"thumbnail":false,"medium":false,"medium_large":false,"large":false,"1536x1536":false,"2048x2048":false,"trp-custom-language-flag":false},"uagb_author_info":{"display_name":"lcgianni","author_link":"https:\/\/thequickwise.com\/de\/author\/lcgianni\/"},"uagb_comment_info":0,"uagb_excerpt":"About Us Coaching for Champions!\u200b Mission. Bring clarity to the priorities, strategies and opportunities within businesses or roles to help them achieve the exceptional results they desire. Vision. We strive to enable our clients to have clear direction, focus and achieve success in all the areas of their business. Our Team","_links":{"self":[{"href":"https:\/\/thequickwise.com\/de\/wp-json\/wp\/v2\/pages\/430"}],"collection":[{"href":"https:\/\/thequickwise.com\/de\/wp-json\/wp\/v2\/pages"}],"about":[{"href":"https:\/\/thequickwise.com\/de\/wp-json\/wp\/v2\/types\/page"}],"author":[{"embeddable":true,"href":"https:\/\/thequickwise.com\/de\/wp-json\/wp\/v2\/users\/2"}],"replies":[{"embeddable":true,"href":"https:\/\/thequickwise.com\/de\/wp-json\/wp\/v2\/comments?post=430"}],"version-history":[{"count":1,"href":"https:\/\/thequickwise.com\/de\/wp-json\/wp\/v2\/pages\/430\/revisions"}],"predecessor-version":[{"id":436,"href":"https:\/\/thequickwise.com\/de\/wp-json\/wp\/v2\/pages\/430\/revisions\/436"}],"wp:attachment":[{"href":"https:\/\/thequickwise.com\/de\/wp-json\/wp\/v2\/media?parent=430"}],"curies":[{"name":"wp","href":"https:\/\/api.w.org\/{rel}","templated":true}]}}