{"id":431,"date":"2025-09-05T08:42:44","date_gmt":"2025-09-05T08:42:44","guid":{"rendered":"https:\/\/thequickwise.com\/services\/"},"modified":"2025-09-05T08:42:51","modified_gmt":"2025-09-05T08:42:51","slug":"services","status":"publish","type":"page","link":"https:\/\/thequickwise.com\/de\/services\/","title":{"rendered":"Dienstleistungen"},"content":{"rendered":"<div class=\"wp-block-uagb-container uag-blocks-common-selector uagb-block-d8b2f056 alignfull uagb-is-root-container\"><div class=\"uagb-container-inner-blocks-wrap\">\n<div class=\"wp-block-uagb-advanced-heading uagb-block-6ff4f5ff\"><h1 class=\"uagb-heading-text\">Unsere Dienstleistungen<\/h1><\/div>\n\n\n\n<div class=\"wp-block-uagb-image uagb-block-c43d2685 wp-block-uagb-image--layout-default wp-block-uagb-image--effect-static wp-block-uagb-image--align-none uag-blocks-common-selector\" style=\"--z-index-desktop:undefined;;--z-index-tablet:1;;--z-index-mobile:undefined;\"><figure class=\"wp-block-uagb-image__figure\"><img decoding=\"async\" srcset=\"https:\/\/thequickwise.com\/wp-content\/uploads\/sites\/474\/2021\/05\/inner-page-hero-img.jpg ,https:\/\/thequickwise.com\/wp-content\/uploads\/sites\/474\/2021\/05\/inner-page-hero-img.jpg 780w, https:\/\/thequickwise.com\/wp-content\/uploads\/sites\/474\/2021\/05\/inner-page-hero-img.jpg 360w\" sizes=\"(max-width: 480px) 150px\" src=\"https:\/\/thequickwise.com\/wp-content\/uploads\/sites\/474\/2021\/05\/inner-page-hero-img.jpg\" alt=\"\" class=\"uag-image-135\" width=\"600\" height=\"319\" title=\"\" loading=\"lazy\" role=\"img\"\/><\/figure><\/div>\n<\/div><\/div>\n\n\n\n<div class=\"wp-block-uagb-container uag-blocks-common-selector uagb-block-a66c3ec6 alignfull uagb-is-root-container\"><div class=\"uagb-container-inner-blocks-wrap\">\n<div class=\"wp-block-uagb-advanced-heading uagb-block-c33598ae\"><h2 class=\"uagb-heading-text\">Wie k\u00f6nnen wir Ihnen helfen?<\/h2><\/div>\n\n\n\n<div class=\"wp-block-uagb-container uagb-layout-grid uagb-block-d8cb1004 alignfull uagb-is-root-container\"><div class=\"uagb-container-inner-blocks-wrap\">\n<div class=\"wp-block-uagb-advanced-heading uagb-block-7ed9e7ca\"><h4 class=\"uagb-heading-text\">Unternehmercoaching<\/h4><\/div>\n\n\n\n<div class=\"wp-block-uagb-advanced-heading uagb-block-bfc193eb\"><p class=\"uagb-heading-text\">Als professionelle Gr\u00fcndercoaches finden wir die perfekte Balance zwischen Motivation und realistischer Herangehensweise. Wir fordern Sie heraus, neue, mitunter ungewohnte Ziele zu erreichen, die jedoch f\u00fcr das Wachstum und die Skalierung Ihres Unternehmens unerl\u00e4sslich sind. Wir stehen Ihnen in guten wie in schlechten Zeiten zur Seite und achten darauf, dass alle Ziele wachstumsorientiert sind, damit Sie schnell erste Erfolge erzielen.<\/p><\/div>\n<\/div><\/div>\n\n\n\n<div class=\"wp-block-uagb-container uagb-layout-grid uagb-block-22ca80e3 alignfull uagb-is-root-container\"><div class=\"uagb-container-inner-blocks-wrap\">\n<div class=\"wp-block-uagb-advanced-heading uagb-block-3f370dc9\"><h4 class=\"uagb-heading-text\">Geld- und Finanzcoaching<\/h4><\/div>\n\n\n\n<div class=\"wp-block-uagb-advanced-heading uagb-block-982b4080\"><p class=\"uagb-heading-text\">Wir sind erfahrene Finanzcoaches und konzentrieren uns darauf, die finanzielle Situation unserer Privat- und Gesch\u00e4ftskunden zu verbessern. Unser Hauptziel ist es, sowohl die reinen Zahlen als auch Ihr emotionales Verh\u00e4ltnis zu Geld zu ber\u00fccksichtigen. Wir unterst\u00fctzen Sie au\u00dferdem dabei, einen Schritt-f\u00fcr-Schritt-Plan zu entwickeln, mit dem Sie Ihre konkreten finanziellen Ziele erreichen und die Denkweise und Gewohnheiten entwickeln k\u00f6nnen, die langfristigen finanziellen Erfolg erm\u00f6glichen.<\/p><\/div>\n<\/div><\/div>\n\n\n\n<div class=\"wp-block-uagb-container uagb-layout-grid uagb-block-b233ec9c alignfull uagb-is-root-container\"><div class=\"uagb-container-inner-blocks-wrap\">\n<div class=\"wp-block-uagb-advanced-heading uagb-block-d7fb928e\"><h4 class=\"uagb-heading-text\">Teamcoaching<\/h4><\/div>\n\n\n\n<div class=\"wp-block-uagb-advanced-heading uagb-block-1bab5a13\"><p class=\"uagb-heading-text\">Als Teamcoach unterst\u00fctzen wir Ihr Team dabei, seine Ziele zu erreichen \u2013 sei es der Abschluss eines Projekts, die Gr\u00fcndung eines neuen Gesch\u00e4ftsbereichs oder die Erf\u00fcllung der Vertriebsziele. Wir helfen Ihnen, Teamhemmnisse wie Gruppendenken, Mikromanagement und ungel\u00f6ste Konflikte zu erkennen und anzugehen, um ein leistungsf\u00e4higeres Team f\u00fcr Ihr Unternehmen aufzubauen. Wir stellen gezielte Fragen, die Ihrem Team helfen, die beste L\u00f6sung f\u00fcr sich selbst zu finden.<\/p><\/div>\n<\/div><\/div>\n<\/div><\/div>\n\n\n\n<div class=\"wp-block-uagb-container uagb-block-05fd2311 alignfull uagb-is-root-container\"><div class=\"uagb-container-inner-blocks-wrap\">\n<div class=\"wp-block-uagb-info-box uagb-block-5f43401b uagb-infobox__content-wrap  uagb-infobox-icon-above-title uagb-infobox-image-valign-top wp-block-uagb-info-box--has-margin\"><div class=\"uagb-infobox-margin-wrapper\"><div class=\"uagb-ifb-content\"><div class=\"uagb-ifb-title-wrap\"><h2 class=\"uagb-ifb-title\">\u00dcberwinden Sie Ihre Hindernisse. Holen Sie sich noch heute Business-Coaching!<\/h2><\/div><div class=\"uagb-ifb-button-wrapper wp-block-button\"><a href=\"#\" class=\"uagb-infobox-cta-link wp-block-button__link\" target=\"_self\" rel=\"noopener noreferrer\" onclick=\"return false;\"><span class=\"uagb-inline-editing\">Beratung buchen<\/span><\/a><\/div><\/div><\/div><\/div>\n<\/div><\/div>","protected":false},"excerpt":{"rendered":"<p>Unsere Leistungen Wie k\u00f6nnen wir Ihnen helfen? Unternehmercoaching Als professionelle Unternehmercoaches finden wir die Balance zwischen Motivation und realistischer Herangehensweise. Wir fordern Sie heraus, neue, manchmal ungewohnte, aber notwendige Ziele zu erreichen, um Ihr Unternehmen erfolgreich auszubauen. Wir stehen Ihnen in guten wie in schlechten Zeiten zur Seite und [\u2026]<\/p>","protected":false},"author":2,"featured_media":0,"parent":0,"menu_order":0,"comment_status":"closed","ping_status":"closed","template":"","meta":{"_uag_custom_page_level_css":"","site-sidebar-layout":"no-sidebar","site-content-layout":"plain-container","ast-site-content-layout":"normal-width-container","site-content-style":"unboxed","site-sidebar-style":"unboxed","ast-global-header-display":"","ast-banner-title-visibility":"","ast-main-header-display":"","ast-hfb-above-header-display":"","ast-hfb-below-header-display":"","ast-hfb-mobile-header-display":"","site-post-title":"disabled","ast-breadcrumbs-content":"","ast-featured-img":"","footer-sml-layout":"","theme-transparent-header-meta":"default","adv-header-id-meta":"","stick-header-meta":"","header-above-stick-meta":"","header-main-stick-meta":"","header-below-stick-meta":"","astra-migrate-meta-layouts":"set","ast-page-background-enabled":"default","ast-page-background-meta":{"desktop":{"background-color":"var(--ast-global-color-4)","background-image":"","background-repeat":"repeat","background-position":"center center","background-size":"auto","background-attachment":"scroll","background-type":"","background-media":"","overlay-type":"","overlay-color":"","overlay-opacity":"","overlay-gradient":""},"tablet":{"background-color":"","background-image":"","background-repeat":"repeat","background-position":"center center","background-size":"auto","background-attachment":"scroll","background-type":"","background-media":"","overlay-type":"","overlay-color":"","overlay-opacity":"","overlay-gradient":""},"mobile":{"background-color":"","background-image":"","background-repeat":"repeat","background-position":"center center","background-size":"auto","background-attachment":"scroll","background-type":"","background-media":"","overlay-type":"","overlay-color":"","overlay-opacity":"","overlay-gradient":""}},"ast-content-background-meta":{"desktop":{"background-color":"var(--ast-global-color-5)","background-image":"","background-repeat":"repeat","background-position":"center center","background-size":"auto","background-attachment":"scroll","background-type":"","background-media":"","overlay-type":"","overlay-color":"","overlay-opacity":"","overlay-gradient":""},"tablet":{"background-color":"var(--ast-global-color-5)","background-image":"","background-repeat":"repeat","background-position":"center center","background-size":"auto","background-attachment":"scroll","background-type":"","background-media":"","overlay-type":"","overlay-color":"","overlay-opacity":"","overlay-gradient":""},"mobile":{"background-color":"var(--ast-global-color-5)","background-image":"","background-repeat":"repeat","background-position":"center center","background-size":"auto","background-attachment":"scroll","background-type":"","background-media":"","overlay-type":"","overlay-color":"","overlay-opacity":"","overlay-gradient":""}},"footnotes":""},"yoast_head":"<!-- This site is optimized with the Yoast SEO plugin v23.3 - https:\/\/yoast.com\/wordpress\/plugins\/seo\/ -->\n<title>Services - The Quick Wise<\/title>\n<meta name=\"robots\" content=\"index, follow, max-snippet:-1, max-image-preview:large, max-video-preview:-1\" \/>\n<link rel=\"canonical\" href=\"https:\/\/thequickwise.com\/de\/services\/\" \/>\n<meta property=\"og:locale\" content=\"de_DE\" \/>\n<meta property=\"og:type\" content=\"article\" \/>\n<meta property=\"og:title\" content=\"Services - The Quick Wise\" \/>\n<meta property=\"og:description\" content=\"Our Services How can we help you?\u200b Entrepreneurship Coaching\u200b As professional entrepreneurship coaches we specialize in walking the line between being a cheerleader and a harsh realist. We push you to new heights that are sometimes uncomfortable but are necessary to grow and scale your business. We stick with you through thick and thin and [&hellip;]\" \/>\n<meta property=\"og:url\" content=\"https:\/\/thequickwise.com\/de\/services\/\" \/>\n<meta property=\"og:site_name\" content=\"The Quick Wise\" \/>\n<meta property=\"article:modified_time\" content=\"2025-09-05T08:42:51+00:00\" \/>\n<meta property=\"og:image\" content=\"https:\/\/thequickwise.com\/wp-content\/uploads\/sites\/474\/2021\/05\/inner-page-hero-img.jpg\" \/>\n<meta name=\"twitter:card\" content=\"summary_large_image\" \/>\n<meta name=\"twitter:label1\" content=\"Est. reading time\" \/>\n\t<meta name=\"twitter:data1\" content=\"2 Minuten\" \/>\n<script type=\"application\/ld+json\" class=\"yoast-schema-graph\">{\"@context\":\"https:\/\/schema.org\",\"@graph\":[{\"@type\":\"WebPage\",\"@id\":\"https:\/\/thequickwise.com\/services\/\",\"url\":\"https:\/\/thequickwise.com\/services\/\",\"name\":\"Services - The Quick Wise\",\"isPartOf\":{\"@id\":\"https:\/\/thequickwise.com\/#website\"},\"primaryImageOfPage\":{\"@id\":\"https:\/\/thequickwise.com\/services\/#primaryimage\"},\"image\":{\"@id\":\"https:\/\/thequickwise.com\/services\/#primaryimage\"},\"thumbnailUrl\":\"https:\/\/thequickwise.com\/wp-content\/uploads\/sites\/474\/2021\/05\/inner-page-hero-img.jpg\",\"datePublished\":\"2025-09-05T08:42:44+00:00\",\"dateModified\":\"2025-09-05T08:42:51+00:00\",\"breadcrumb\":{\"@id\":\"https:\/\/thequickwise.com\/services\/#breadcrumb\"},\"inLanguage\":\"de-DE\",\"potentialAction\":[{\"@type\":\"ReadAction\",\"target\":[\"https:\/\/thequickwise.com\/services\/\"]}]},{\"@type\":\"ImageObject\",\"inLanguage\":\"de-DE\",\"@id\":\"https:\/\/thequickwise.com\/services\/#primaryimage\",\"url\":\"https:\/\/thequickwise.com\/wp-content\/uploads\/sites\/474\/2021\/05\/inner-page-hero-img.jpg\",\"contentUrl\":\"https:\/\/thequickwise.com\/wp-content\/uploads\/sites\/474\/2021\/05\/inner-page-hero-img.jpg\"},{\"@type\":\"BreadcrumbList\",\"@id\":\"https:\/\/thequickwise.com\/services\/#breadcrumb\",\"itemListElement\":[{\"@type\":\"ListItem\",\"position\":1,\"name\":\"Home\",\"item\":\"https:\/\/thequickwise.com\/\"},{\"@type\":\"ListItem\",\"position\":2,\"name\":\"Services\"}]},{\"@type\":\"WebSite\",\"@id\":\"https:\/\/thequickwise.com\/#website\",\"url\":\"https:\/\/thequickwise.com\/\",\"name\":\"The Quick Wise\",\"description\":\"\",\"publisher\":{\"@id\":\"https:\/\/thequickwise.com\/#organization\"},\"potentialAction\":[{\"@type\":\"SearchAction\",\"target\":{\"@type\":\"EntryPoint\",\"urlTemplate\":\"https:\/\/thequickwise.com\/?s={search_term_string}\"},\"query-input\":\"required name=search_term_string\"}],\"inLanguage\":\"de-DE\"},{\"@type\":\"Organization\",\"@id\":\"https:\/\/thequickwise.com\/#organization\",\"name\":\"The Quick Wise\",\"url\":\"https:\/\/thequickwise.com\/\",\"logo\":{\"@type\":\"ImageObject\",\"inLanguage\":\"de-DE\",\"@id\":\"https:\/\/thequickwise.com\/#\/schema\/logo\/image\/\",\"url\":\"https:\/\/thequickwise.com\/wp-content\/uploads\/sites\/474\/2025\/11\/cropped-cropped-6.png\",\"contentUrl\":\"https:\/\/thequickwise.com\/wp-content\/uploads\/sites\/474\/2025\/11\/cropped-cropped-6.png\",\"width\":423,\"height\":441,\"caption\":\"The Quick Wise\"},\"image\":{\"@id\":\"https:\/\/thequickwise.com\/#\/schema\/logo\/image\/\"}}]}<\/script>\n<!-- \/ Yoast SEO plugin. -->","yoast_head_json":{"title":"Services - The Quick Wise","robots":{"index":"index","follow":"follow","max-snippet":"max-snippet:-1","max-image-preview":"max-image-preview:large","max-video-preview":"max-video-preview:-1"},"canonical":"https:\/\/thequickwise.com\/de\/services\/","og_locale":"de_DE","og_type":"article","og_title":"Services - The Quick Wise","og_description":"Our Services How can we help you?\u200b Entrepreneurship Coaching\u200b As professional entrepreneurship coaches we specialize in walking the line between being a cheerleader and a harsh realist. We push you to new heights that are sometimes uncomfortable but are necessary to grow and scale your business. We stick with you through thick and thin and [&hellip;]","og_url":"https:\/\/thequickwise.com\/de\/services\/","og_site_name":"The Quick Wise","article_modified_time":"2025-09-05T08:42:51+00:00","og_image":[{"url":"https:\/\/thequickwise.com\/wp-content\/uploads\/sites\/474\/2021\/05\/inner-page-hero-img.jpg"}],"twitter_card":"summary_large_image","twitter_misc":{"Est. reading time":"2 Minuten"},"schema":{"@context":"https:\/\/schema.org","@graph":[{"@type":"WebPage","@id":"https:\/\/thequickwise.com\/services\/","url":"https:\/\/thequickwise.com\/services\/","name":"Services - The Quick Wise","isPartOf":{"@id":"https:\/\/thequickwise.com\/#website"},"primaryImageOfPage":{"@id":"https:\/\/thequickwise.com\/services\/#primaryimage"},"image":{"@id":"https:\/\/thequickwise.com\/services\/#primaryimage"},"thumbnailUrl":"https:\/\/thequickwise.com\/wp-content\/uploads\/sites\/474\/2021\/05\/inner-page-hero-img.jpg","datePublished":"2025-09-05T08:42:44+00:00","dateModified":"2025-09-05T08:42:51+00:00","breadcrumb":{"@id":"https:\/\/thequickwise.com\/services\/#breadcrumb"},"inLanguage":"de-DE","potentialAction":[{"@type":"ReadAction","target":["https:\/\/thequickwise.com\/services\/"]}]},{"@type":"ImageObject","inLanguage":"de-DE","@id":"https:\/\/thequickwise.com\/services\/#primaryimage","url":"https:\/\/thequickwise.com\/wp-content\/uploads\/sites\/474\/2021\/05\/inner-page-hero-img.jpg","contentUrl":"https:\/\/thequickwise.com\/wp-content\/uploads\/sites\/474\/2021\/05\/inner-page-hero-img.jpg"},{"@type":"BreadcrumbList","@id":"https:\/\/thequickwise.com\/services\/#breadcrumb","itemListElement":[{"@type":"ListItem","position":1,"name":"Home","item":"https:\/\/thequickwise.com\/"},{"@type":"ListItem","position":2,"name":"Services"}]},{"@type":"WebSite","@id":"https:\/\/thequickwise.com\/#website","url":"https:\/\/thequickwise.com\/","name":"The Quick Wise","description":"","publisher":{"@id":"https:\/\/thequickwise.com\/#organization"},"potentialAction":[{"@type":"SearchAction","target":{"@type":"EntryPoint","urlTemplate":"https:\/\/thequickwise.com\/?s={search_term_string}"},"query-input":"required name=search_term_string"}],"inLanguage":"de-DE"},{"@type":"Organization","@id":"https:\/\/thequickwise.com\/#organization","name":"The Quick Wise","url":"https:\/\/thequickwise.com\/","logo":{"@type":"ImageObject","inLanguage":"de-DE","@id":"https:\/\/thequickwise.com\/#\/schema\/logo\/image\/","url":"https:\/\/thequickwise.com\/wp-content\/uploads\/sites\/474\/2025\/11\/cropped-cropped-6.png","contentUrl":"https:\/\/thequickwise.com\/wp-content\/uploads\/sites\/474\/2025\/11\/cropped-cropped-6.png","width":423,"height":441,"caption":"The Quick Wise"},"image":{"@id":"https:\/\/thequickwise.com\/#\/schema\/logo\/image\/"}}]}},"uagb_featured_image_src":{"full":false,"thumbnail":false,"medium":false,"medium_large":false,"large":false,"1536x1536":false,"2048x2048":false,"trp-custom-language-flag":false},"uagb_author_info":{"display_name":"lcgianni","author_link":"https:\/\/thequickwise.com\/de\/author\/lcgianni\/"},"uagb_comment_info":0,"uagb_excerpt":"Our Services How can we help you?\u200b Entrepreneurship Coaching\u200b As professional entrepreneurship coaches we specialize in walking the line between being a cheerleader and a harsh realist. We push you to new heights that are sometimes uncomfortable but are necessary to grow and scale your business. We stick with you through thick and thin and&hellip;","_links":{"self":[{"href":"https:\/\/thequickwise.com\/de\/wp-json\/wp\/v2\/pages\/431"}],"collection":[{"href":"https:\/\/thequickwise.com\/de\/wp-json\/wp\/v2\/pages"}],"about":[{"href":"https:\/\/thequickwise.com\/de\/wp-json\/wp\/v2\/types\/page"}],"author":[{"embeddable":true,"href":"https:\/\/thequickwise.com\/de\/wp-json\/wp\/v2\/users\/2"}],"replies":[{"embeddable":true,"href":"https:\/\/thequickwise.com\/de\/wp-json\/wp\/v2\/comments?post=431"}],"version-history":[{"count":1,"href":"https:\/\/thequickwise.com\/de\/wp-json\/wp\/v2\/pages\/431\/revisions"}],"predecessor-version":[{"id":437,"href":"https:\/\/thequickwise.com\/de\/wp-json\/wp\/v2\/pages\/431\/revisions\/437"}],"wp:attachment":[{"href":"https:\/\/thequickwise.com\/de\/wp-json\/wp\/v2\/media?parent=431"}],"curies":[{"name":"wp","href":"https:\/\/api.w.org\/{rel}","templated":true}]}}